{"id":17403,"date":"2024-04-22T12:22:24","date_gmt":"2024-04-22T12:22:24","guid":{"rendered":"https:\/\/uzmanportali.com\/?page_id=17403"},"modified":"2025-09-01T07:28:47","modified_gmt":"2025-09-01T07:28:47","slug":"kayit-ol","status":"publish","type":"page","link":"https:\/\/uzmanportali.com\/tr\/kayit-ol\/","title":{"rendered":"Kay\u0131t Ol"},"content":{"rendered":"\t\t<div data-elementor-type=\"wp-page\" data-elementor-id=\"17403\" class=\"elementor elementor-17403 elementor-44\">\n\t\t\t\t\t\t<section class=\"elementor-section elementor-top-section elementor-element elementor-element-99a6014 elementor-section-full_width elementor-section-stretched elementor-section-content-middle elementor-section-height-min-height elementor-section-items-stretch elementor-section-height-default\" data-id=\"99a6014\" data-element_type=\"section\" data-e-type=\"section\" data-settings=\"{&quot;stretch_section&quot;:&quot;section-stretched&quot;,&quot;background_background&quot;:&quot;classic&quot;}\">\n\t\t\t\t\t\t<div class=\"elementor-container elementor-column-gap-custom\">\n\t\t\t\t\t<div class=\"elementor-column elementor-col-50 elementor-top-column elementor-element elementor-element-f3b7e7b\" data-id=\"f3b7e7b\" data-element_type=\"column\" data-e-type=\"column\" data-settings=\"{&quot;background_background&quot;:&quot;classic&quot;}\">\n\t\t\t<div class=\"elementor-widget-wrap elementor-element-populated\">\n\t\t\t\t\t\t<div class=\"elementor-element elementor-element-4a5dea4 elementor-widget__width-initial elementor-widget-tablet__width-inherit elementor-widget elementor-widget-workreap_element_authentication\" data-id=\"4a5dea4\" data-element_type=\"widget\" data-e-type=\"widget\" data-widget_type=\"workreap_element_authentication.default\">\n\t\t\t\t<div class=\"elementor-widget-container\">\n\t\t\t\t\t\t\t\t<div class=\"wr-sc-shortcode wr-haslayout\">\r\n\t\t\t\t        <div class=\"wr-loginconatiner\">\r\n                <div class=\"wr-popupcontainer\">\r\n            <div class=\"wr-login_title\">\r\n                                    <a href=\"https:\/\/uzmanportali.com\">\r\n                        <img decoding=\"async\" src=\"https:\/\/uzmanportali.com\/wp-content\/uploads\/2025\/01\/3.png\" alt=\"Registration\">\r\n                    <\/a>\r\n                                                    <h5>Hemen kay\u0131t olun ve nitelikli personeller i\u00e7in en b\u00fcy\u00fck platforma eri\u015fim sa\u011flay\u0131n.<\/h5>\r\n                            <\/div>\r\n            <div class=\"wr-login-content wr-popup-content\">\r\n                <form class=\"wr-themeform user-registration-form\" id=\"userregistration-from\">\r\n                    <fieldset>\r\n                        <div class=\"wr-themeform__wrap\">\r\n                                                                                        <div class=\"form-group\">\r\n                                    <label>T\u00fcr se\u00e7in<\/label>\r\n                                    <div class=\"wr-reg-option\">\r\n                                                                            <div class=\"wr-radio\">\r\n                                            <input checked id=\"wr_employers\" type=\"radio\" value=\"employers\" name=\"user_registration[user_type]\">\r\n                                            <label for=\"wr_employers\">\r\n                                                <span>\u0130\u015fveren <\/span>\r\n                                            <\/label>\r\n                                        <\/div>\r\n                                                                            <div class=\"wr-radio\">\r\n                                            <input  id=\"wr_freelancers\" type=\"radio\" value=\"freelancers\" name=\"user_registration[user_type]\">\r\n                                            <label for=\"wr_freelancers\">\r\n                                                <span>Uzman \u00e7al\u0131\u015fan <\/span>\r\n                                            <\/label>\r\n                                        <\/div>\r\n                                                                        <\/div>\r\n                                <\/div>\r\n                                                        <div class=\"form-group half-group\">\r\n                                <div class=\"wr-placeholderholder\">\r\n                                    <label for=\"firstname\">\u0130sim<\/label>\r\n                                    <input type=\"hidden\" name=\"redirect\" value=\"\">\r\n                                    <input id=\"firstname\" type=\"text\" name=\"user_registration[first_name]\" class=\"form-control\" required=\"required\" placeholder=\"\u0130sim*\">\r\n                                <\/div>\r\n                            <\/div>\r\n\r\n                            <div class=\"form-group half-group\">\r\n                                <div class=\"wr-placeholderholder\">\r\n                                    <label for=\"lastname\">Soyisim<\/label>\r\n                                    <input id=\"lastname\" type=\"text\" name=\"user_registration[last_name]\" class=\"form-control\" required=\"required\" placeholder=\"Soyisim*\">\r\n                                <\/div>\r\n                            <\/div>\r\n                                                                                    <div class=\"form-group half-group\">\r\n                                <div class=\"wr-placeholderholder\">\r\n                                    <label for=\"user_email\">E-posta<\/label>\r\n                                    <input id=\"user_email\" type=\"email\" name=\"user_registration[user_email]\" class=\"form-control\" required=\"required\" placeholder=\"E-posta adresiniz*\">\r\n                                <\/div>\r\n                            <\/div>\r\n                            <div class=\"form-group half-group\">\r\n                                <div class=\"wr-placeholderholder\">\r\n                                    <label for=\"user_password\">\u015eifre<\/label>\r\n                                    <div class=\"user-password-filed-wrapper\">\r\n                                        <input type=\"password\" id=\"user_password\" name=\"user_registration[user_password]\" class=\"wr-password form-control\" required=\"required\" placeholder=\"Passwort eingeben*\">\r\n                                        <span data-field=\"user_password\" class=\"user-password-reveal\"><i class=\"wr-icon-eye\"><\/i><\/span>\r\n                                    <\/div>\r\n                                <\/div>\r\n                            <\/div>\r\n                            <div class=\"form-group half-group worker-field\">\r\n                                <div class=\"wr-placeholderholder\">\r\n                                    <label for=\"user_phone\">Telefon<\/label>\r\n                                    <input id=\"user_phone\" type=\"tel\" name=\"user_registration[user_phone]\" class=\"form-control\" required=\"required\" placeholder=\"Your phone number*\">\r\n                                <\/div>\r\n                            <\/div>\r\n                            <div class=\"form-group half-group worker-field\">\r\n                                <div class=\"wr-placeholderholder\">\r\n                                    <label for=\"user_bdate\">Do\u011fum Tarihi<\/label>\r\n                                    <input id=\"user_bdate\" type=\"date\" name=\"user_registration[user_bdate]\" class=\"form-control\" required=\"required\">\r\n                                <\/div>\r\n                            <\/div>\r\n                            <div class=\"form-group worker-field\">\r\n                                <div class=\"wr-placeholderholder\">\r\n                                    <label for=\"user_school\">Tamamlanan okulun ad\u0131<\/label>\r\n                                    <input id=\"user_school\" type=\"text\" name=\"user_registration[user_school]\" class=\"form-control\" required=\"required\" placeholder=\"Okulun ad\u0131\">\r\n                                <\/div>\r\n                            <\/div>\r\n                            <div class=\"form-group half-group employer-field\">\r\n                                <div class=\"wr-placeholderholder\">\r\n                                    <label for=\"user_company\">Company name<\/label>\r\n                                    <input id=\"user_company\" type=\"text\" name=\"user_registration[user_company]\" class=\"form-control\" required=\"required\" placeholder=\"Company name*\">\r\n                                <\/div>\r\n                            <\/div>\r\n                            <div class=\"form-group half-group employer-field\">\r\n                                <div class=\"wr-placeholderholder\">\r\n                                    <label for=\"user_vat\">VAT ID No.<\/label>\r\n                                    <input id=\"user_vat\" type=\"text\" name=\"user_registration[user_vat]\" class=\"form-control\" required=\"required\" placeholder=\"VAT ID number of the company*\">\r\n                                <\/div>\r\n                            <\/div>\r\n                            <div class=\"form-group wr-form-btn am-registration-terms\">\r\n                                <div class=\"wr-checkterm\">\r\n                                    <div class=\"wr-checkbox\">\r\n                                    <input type=\"checkbox\" value=\"\" name=\"user_registration[user_agree_terms]\">\r\n                                    <input id=\"user_agree_terms\" value=\"yes\" type=\"checkbox\" name=\"user_registration[user_agree_terms]\">\r\n                                    <label for=\"user_agree_terms\">\r\n                                        <span>T\u00fcm <a target=\"_blank\" href=\"https:\/\/uzmanportali.com\/terms-and-condition\/\">Datenschutz<\/a> ve  okudum ve kabul ediyorum <\/span>\r\n                                    <\/label>\r\n                                    <\/div>\r\n                                <\/div>\r\n                                <button type=\"submit\" class=\"wr-btn wr-signup-now\">Hemen kat\u0131l<\/button>\r\n                            <\/div>\r\n                                                        <div class=\"wr-form-action-footer\">\r\n\t                            Zaten bir hesab\u0131n\u0131z var                                <a href=\"https:\/\/uzmanportali.com\/login\/\" class=\"wr-login-btn \">Giri\u015f yap<\/a>\r\n                            <\/div>\r\n                        <\/div>\r\n                    <\/fieldset>\r\n                <\/form>\r\n\r\n                <script>\r\n                \/\/ Show\/hide fields based on radio button selection\r\n                document.addEventListener(\"DOMContentLoaded\", function () {\r\n                const employerRadio = document.getElementById(\"wr_employers\");\r\n                const freelancerRadio = document.getElementById(\"wr_freelancers\");\r\n\r\n                const employerFields = document.querySelectorAll(\".employer-field\");\r\n                const workerFields = document.querySelectorAll(\".worker-field\");\r\n\r\n                function toggleFields() {\r\n                    if (employerRadio.checked) {\r\n                    employerFields.forEach(el => {\r\n                        el.style.display = \"block\";\r\n                        el.querySelector(\"input\").required = true;\r\n                    });\r\n                    workerFields.forEach(el => {\r\n                        el.style.display = \"none\";\r\n                        el.querySelector(\"input\").required = false;\r\n                    });\r\n                    } else if (freelancerRadio.checked) {\r\n                    employerFields.forEach(el => {\r\n                        el.style.display = \"none\";\r\n                        el.querySelector(\"input\").required = false;\r\n                    });\r\n                    workerFields.forEach(el => {\r\n                        el.style.display = \"block\";\r\n                        el.querySelector(\"input\").required = true;\r\n                    });\r\n                    }\r\n                }\r\n\r\n                \/\/ Run on page load in case one is already selected\r\n                toggleFields();\r\n\r\n                \/\/ Add event listeners\r\n                employerRadio.addEventListener(\"change\", toggleFields);\r\n                freelancerRadio.addEventListener(\"change\", toggleFields);\r\n                });\r\n                <\/script>\r\n\r\n            <\/div>\r\n        <\/div>\r\n    <\/div>\r\n    \t\t\t<\/div>\r\n\t\t\t\t\t\t<\/div>\n\t\t\t\t<\/div>\n\t\t\t\t\t<\/div>\n\t\t<\/div>\n\t\t\t\t<div class=\"elementor-column elementor-col-50 elementor-top-column elementor-element elementor-element-aaa1062 elementor-hidden-tablet elementor-hidden-mobile\" data-id=\"aaa1062\" data-element_type=\"column\" data-e-type=\"column\">\n\t\t\t<div class=\"elementor-widget-wrap elementor-element-populated\">\n\t\t\t\t\t\t<div class=\"elementor-element elementor-element-9f025ef e-transform elementor-widget elementor-widget-workreap-mac-book\" data-id=\"9f025ef\" data-element_type=\"widget\" data-e-type=\"widget\" data-settings=\"{&quot;_transform_translateX_effect&quot;:{&quot;unit&quot;:&quot;px&quot;,&quot;size&quot;:300,&quot;sizes&quot;:[]},&quot;_transform_translateX_effect_tablet&quot;:{&quot;unit&quot;:&quot;px&quot;,&quot;size&quot;:0,&quot;sizes&quot;:[]},&quot;mockup_content_type&quot;:&quot;image&quot;,&quot;slide_speed&quot;:{&quot;unit&quot;:&quot;px&quot;,&quot;size&quot;:2,&quot;sizes&quot;:[]},&quot;autoplay_timeout&quot;:{&quot;unit&quot;:&quot;px&quot;,&quot;size&quot;:5,&quot;sizes&quot;:[]},&quot;_transform_translateX_effect_mobile&quot;:{&quot;unit&quot;:&quot;px&quot;,&quot;size&quot;:&quot;&quot;,&quot;sizes&quot;:[]},&quot;_transform_translateY_effect&quot;:{&quot;unit&quot;:&quot;px&quot;,&quot;size&quot;:&quot;&quot;,&quot;sizes&quot;:[]},&quot;_transform_translateY_effect_tablet&quot;:{&quot;unit&quot;:&quot;px&quot;,&quot;size&quot;:&quot;&quot;,&quot;sizes&quot;:[]},&quot;_transform_translateY_effect_mobile&quot;:{&quot;unit&quot;:&quot;px&quot;,&quot;size&quot;:&quot;&quot;,&quot;sizes&quot;:[]}}\" data-widget_type=\"workreap-mac-book.default\">\n\t\t\t\t<div class=\"elementor-widget-container\">\n\t\t\t\t\t\t\t\t<div class=\"wr-frame\">\r\n\t\t\t\t<img decoding=\"async\" src=\"https:\/\/uzmanportali.com\/wp-content\/plugins\/workreap\/\/public\/images\/mackbook-mockup-01.png\" alt=\"Mackbook mockup\">\r\n\t\t\t\t<div class=\"wr-frame_content wr-frame_content-type-image\">\r\n\t\t\t\t\t\t\t\t\t\t<img fetchpriority=\"high\" decoding=\"async\" width=\"2876\" height=\"1618\" src=\"https:\/\/uzmanportali.com\/wp-content\/uploads\/2025\/02\/Bildschirmfoto-2025-02-02-um-18.11.54.png\" class=\"attachment-full size-full\" alt=\"\" srcset=\"https:\/\/uzmanportali.com\/wp-content\/uploads\/2025\/02\/Bildschirmfoto-2025-02-02-um-18.11.54.png 2876w, https:\/\/uzmanportali.com\/wp-content\/uploads\/2025\/02\/Bildschirmfoto-2025-02-02-um-18.11.54-300x169.png 300w, https:\/\/uzmanportali.com\/wp-content\/uploads\/2025\/02\/Bildschirmfoto-2025-02-02-um-18.11.54-1024x576.png 1024w, https:\/\/uzmanportali.com\/wp-content\/uploads\/2025\/02\/Bildschirmfoto-2025-02-02-um-18.11.54-768x432.png 768w, https:\/\/uzmanportali.com\/wp-content\/uploads\/2025\/02\/Bildschirmfoto-2025-02-02-um-18.11.54-1536x864.png 1536w, https:\/\/uzmanportali.com\/wp-content\/uploads\/2025\/02\/Bildschirmfoto-2025-02-02-um-18.11.54-2048x1152.png 2048w, https:\/\/uzmanportali.com\/wp-content\/uploads\/2025\/02\/Bildschirmfoto-2025-02-02-um-18.11.54-600x338.png 600w\" sizes=\"(max-width: 2876px) 100vw, 2876px\" \/>\t\t\t\t\t\t\t\t\t<\/div>\r\n\t\t\t<\/div>\r\n\t\t\t\t\t\t<\/div>\n\t\t\t\t<\/div>\n\t\t\t\t\t<\/div>\n\t\t<\/div>\n\t\t\t\t\t<\/div>\n\t\t<\/section>\n\t\t\t\t<\/div>\n\t\t","protected":false},"excerpt":{"rendered":"","protected":false},"author":1,"featured_media":0,"parent":0,"menu_order":0,"comment_status":"closed","ping_status":"closed","template":"elementor_canvas","meta":{"_acf_changed":false,"_coblocks_attr":"","_coblocks_dimensions":"","_coblocks_responsive_height":"","_coblocks_accordion_ie_support":"","footnotes":""},"class_list":["post-17403","page","type-page","status-publish","hentry"],"acf":[],"yoast_head":"<!-- This site is optimized with the Yoast SEO plugin v27.5 - https:\/\/yoast.com\/product\/yoast-seo-wordpress\/ -->\n<title>Kay\u0131t Ol - Uzman Portali<\/title>\n<meta name=\"robots\" content=\"index, follow, max-snippet:-1, max-image-preview:large, max-video-preview:-1\" \/>\n<link rel=\"canonical\" href=\"https:\/\/uzmanportali.com\/tr\/kayit-ol\/\" \/>\n<meta property=\"og:locale\" content=\"tr_TR\" \/>\n<meta property=\"og:type\" content=\"article\" \/>\n<meta property=\"og:title\" content=\"Kay\u0131t Ol - Uzman Portali\" \/>\n<meta property=\"og:url\" content=\"https:\/\/uzmanportali.com\/tr\/kayit-ol\/\" \/>\n<meta property=\"og:site_name\" content=\"Uzman Portali\" \/>\n<meta property=\"article:modified_time\" content=\"2025-09-01T07:28:47+00:00\" \/>\n<meta property=\"og:image\" content=\"https:\/\/uzmanportali.com\/wp-content\/plugins\/workreap\/\/public\/images\/mackbook-mockup-01.png\" \/>\n<meta name=\"twitter:card\" content=\"summary_large_image\" \/>\n<meta name=\"twitter:label1\" content=\"Tahmini okuma s\u00fcresi\" \/>\n\t<meta name=\"twitter:data1\" content=\"1 dakika\" \/>\n<script type=\"application\/ld+json\" class=\"yoast-schema-graph\">{\"@context\":\"https:\\\/\\\/schema.org\",\"@graph\":[{\"@type\":\"WebPage\",\"@id\":\"https:\\\/\\\/uzmanportali.com\\\/tr\\\/kayit-ol\\\/\",\"url\":\"https:\\\/\\\/uzmanportali.com\\\/tr\\\/kayit-ol\\\/\",\"name\":\"Kay\u0131t Ol - Uzman Portali\",\"isPartOf\":{\"@id\":\"https:\\\/\\\/uzmanportali.com\\\/tr\\\/#website\"},\"primaryImageOfPage\":{\"@id\":\"https:\\\/\\\/uzmanportali.com\\\/tr\\\/kayit-ol\\\/#primaryimage\"},\"image\":{\"@id\":\"https:\\\/\\\/uzmanportali.com\\\/tr\\\/kayit-ol\\\/#primaryimage\"},\"thumbnailUrl\":\"https:\\\/\\\/uzmanportali.com\\\/wp-content\\\/plugins\\\/workreap\\\/\\\/public\\\/images\\\/mackbook-mockup-01.png\",\"datePublished\":\"2024-04-22T12:22:24+00:00\",\"dateModified\":\"2025-09-01T07:28:47+00:00\",\"breadcrumb\":{\"@id\":\"https:\\\/\\\/uzmanportali.com\\\/tr\\\/kayit-ol\\\/#breadcrumb\"},\"inLanguage\":\"tr\",\"potentialAction\":[{\"@type\":\"ReadAction\",\"target\":[\"https:\\\/\\\/uzmanportali.com\\\/tr\\\/kayit-ol\\\/\"]}]},{\"@type\":\"ImageObject\",\"inLanguage\":\"tr\",\"@id\":\"https:\\\/\\\/uzmanportali.com\\\/tr\\\/kayit-ol\\\/#primaryimage\",\"url\":\"https:\\\/\\\/uzmanportali.com\\\/wp-content\\\/plugins\\\/workreap\\\/\\\/public\\\/images\\\/mackbook-mockup-01.png\",\"contentUrl\":\"https:\\\/\\\/uzmanportali.com\\\/wp-content\\\/plugins\\\/workreap\\\/\\\/public\\\/images\\\/mackbook-mockup-01.png\"},{\"@type\":\"BreadcrumbList\",\"@id\":\"https:\\\/\\\/uzmanportali.com\\\/tr\\\/kayit-ol\\\/#breadcrumb\",\"itemListElement\":[{\"@type\":\"ListItem\",\"position\":1,\"name\":\"Startseite\",\"item\":\"https:\\\/\\\/uzmanportali.com\\\/tr\\\/\"},{\"@type\":\"ListItem\",\"position\":2,\"name\":\"Kay\u0131t Ol\"}]},{\"@type\":\"WebSite\",\"@id\":\"https:\\\/\\\/uzmanportali.com\\\/tr\\\/#website\",\"url\":\"https:\\\/\\\/uzmanportali.com\\\/tr\\\/\",\"name\":\"Uzman Portali\",\"description\":\"Das Fachkr\u00e4fte-Portal\",\"potentialAction\":[{\"@type\":\"SearchAction\",\"target\":{\"@type\":\"EntryPoint\",\"urlTemplate\":\"https:\\\/\\\/uzmanportali.com\\\/tr\\\/?s={search_term_string}\"},\"query-input\":{\"@type\":\"PropertyValueSpecification\",\"valueRequired\":true,\"valueName\":\"search_term_string\"}}],\"inLanguage\":\"tr\"}]}<\/script>\n<!-- \/ Yoast SEO plugin. -->","yoast_head_json":{"title":"Kay\u0131t Ol - Uzman Portali","robots":{"index":"index","follow":"follow","max-snippet":"max-snippet:-1","max-image-preview":"max-image-preview:large","max-video-preview":"max-video-preview:-1"},"canonical":"https:\/\/uzmanportali.com\/tr\/kayit-ol\/","og_locale":"tr_TR","og_type":"article","og_title":"Kay\u0131t Ol - Uzman Portali","og_url":"https:\/\/uzmanportali.com\/tr\/kayit-ol\/","og_site_name":"Uzman Portali","article_modified_time":"2025-09-01T07:28:47+00:00","og_image":[{"url":"https:\/\/uzmanportali.com\/wp-content\/plugins\/workreap\/\/public\/images\/mackbook-mockup-01.png","type":"","width":"","height":""}],"twitter_card":"summary_large_image","twitter_misc":{"Tahmini okuma s\u00fcresi":"1 dakika"},"schema":{"@context":"https:\/\/schema.org","@graph":[{"@type":"WebPage","@id":"https:\/\/uzmanportali.com\/tr\/kayit-ol\/","url":"https:\/\/uzmanportali.com\/tr\/kayit-ol\/","name":"Kay\u0131t Ol - Uzman Portali","isPartOf":{"@id":"https:\/\/uzmanportali.com\/tr\/#website"},"primaryImageOfPage":{"@id":"https:\/\/uzmanportali.com\/tr\/kayit-ol\/#primaryimage"},"image":{"@id":"https:\/\/uzmanportali.com\/tr\/kayit-ol\/#primaryimage"},"thumbnailUrl":"https:\/\/uzmanportali.com\/wp-content\/plugins\/workreap\/\/public\/images\/mackbook-mockup-01.png","datePublished":"2024-04-22T12:22:24+00:00","dateModified":"2025-09-01T07:28:47+00:00","breadcrumb":{"@id":"https:\/\/uzmanportali.com\/tr\/kayit-ol\/#breadcrumb"},"inLanguage":"tr","potentialAction":[{"@type":"ReadAction","target":["https:\/\/uzmanportali.com\/tr\/kayit-ol\/"]}]},{"@type":"ImageObject","inLanguage":"tr","@id":"https:\/\/uzmanportali.com\/tr\/kayit-ol\/#primaryimage","url":"https:\/\/uzmanportali.com\/wp-content\/plugins\/workreap\/\/public\/images\/mackbook-mockup-01.png","contentUrl":"https:\/\/uzmanportali.com\/wp-content\/plugins\/workreap\/\/public\/images\/mackbook-mockup-01.png"},{"@type":"BreadcrumbList","@id":"https:\/\/uzmanportali.com\/tr\/kayit-ol\/#breadcrumb","itemListElement":[{"@type":"ListItem","position":1,"name":"Startseite","item":"https:\/\/uzmanportali.com\/tr\/"},{"@type":"ListItem","position":2,"name":"Kay\u0131t Ol"}]},{"@type":"WebSite","@id":"https:\/\/uzmanportali.com\/tr\/#website","url":"https:\/\/uzmanportali.com\/tr\/","name":"Uzman Portali","description":"Das Fachkr\u00e4fte-Portal","potentialAction":[{"@type":"SearchAction","target":{"@type":"EntryPoint","urlTemplate":"https:\/\/uzmanportali.com\/tr\/?s={search_term_string}"},"query-input":{"@type":"PropertyValueSpecification","valueRequired":true,"valueName":"search_term_string"}}],"inLanguage":"tr"}]}},"_links":{"self":[{"href":"https:\/\/uzmanportali.com\/tr\/wp-json\/wp\/v2\/pages\/17403","targetHints":{"allow":["GET"]}}],"collection":[{"href":"https:\/\/uzmanportali.com\/tr\/wp-json\/wp\/v2\/pages"}],"about":[{"href":"https:\/\/uzmanportali.com\/tr\/wp-json\/wp\/v2\/types\/page"}],"author":[{"embeddable":true,"href":"https:\/\/uzmanportali.com\/tr\/wp-json\/wp\/v2\/users\/1"}],"replies":[{"embeddable":true,"href":"https:\/\/uzmanportali.com\/tr\/wp-json\/wp\/v2\/comments?post=17403"}],"version-history":[{"count":7,"href":"https:\/\/uzmanportali.com\/tr\/wp-json\/wp\/v2\/pages\/17403\/revisions"}],"predecessor-version":[{"id":17837,"href":"https:\/\/uzmanportali.com\/tr\/wp-json\/wp\/v2\/pages\/17403\/revisions\/17837"}],"wp:attachment":[{"href":"https:\/\/uzmanportali.com\/tr\/wp-json\/wp\/v2\/media?parent=17403"}],"curies":[{"name":"wp","href":"https:\/\/api.w.org\/{rel}","templated":true}]}}